{"id":26,"date":"2023-07-28T20:26:42","date_gmt":"2023-07-28T20:26:42","guid":{"rendered":"https:\/\/gestionmonarca.ca\/?page_id=26"},"modified":"2025-11-13T14:37:12","modified_gmt":"2025-11-13T14:37:12","slug":"about-us","status":"publish","type":"page","link":"https:\/\/gestionmonarca.ca\/fr\/about-us\/","title":{"rendered":"About Us &#8211; Monarca"},"content":{"rendered":"<div style=\"height:39px\" aria-hidden=\"true\" class=\"wp-block-spacer\"><\/div>\n\n\n\n<h2 class=\"wp-block-heading has-text-align-center has-text-color has-link-color wp-elements-2eca396540cde35e1bb98caf088185f3\" style=\"color:#ffa500\">\u00c0 propos de MONARCA<\/h2>\n\n\n\n<p class=\"has-text-align-center has-text-color\" style=\"color:#ffa500\"><strong>Bienvenue chez MONARCA, o\u00f9 vos investissements immobiliers rencontrent une gestion et un soin sans faille.<\/strong><\/p>\n\n\n\n<p class=\"has-text-align-center has-text-color\" style=\"color:#ffa500\">Fond\u00e9 par <strong>Richard Bannis<\/strong>, un professionnel de l'immobilier chevronn\u00e9, et <strong>Elizabeth Rosario<\/strong>, un expert en gestion immobili\u00e8re, notre entreprise apporte plus de <strong>35 ans d'exp\u00e9rience combin\u00e9e<\/strong> . Ensemble, nous partageons une passion pour aider nos clients \u00e0 atteindre leurs objectifs d'investissement immobilier tout en les lib\u00e9rant des d\u00e9fis de la gestion quotidienne.<\/p>\n\n\n\n<p class=\"has-text-align-center\">Notre mission est simple : fournir des services complets et sans souci aux particuliers et aux entreprises qui souhaitent investir dans des biens immobiliers et les g\u00e9rer en toute tranquillit\u00e9. Nous nous occupons de tout, de la recherche du bien d'investissement id\u00e9al \u00e0 son entretien minutieux <strong>de A \u00e0 Z<\/strong>.<\/p>\n\n\n\n<p class=\"has-text-align-center\">Chez MONARCA, nous comprenons les complexit\u00e9s de l'immobilier. C'est pourquoi nous sommes l\u00e0 : pour \u00eatre votre partenaire de confiance, en veillant \u00e0 ce que vos propri\u00e9t\u00e9s ne soient pas seulement entretenues, mais prosp\u00e8rent, que vous soyez concentr\u00e9 sur l'expansion de votre portefeuille ou que vous profitiez des retours de vos investissements durement acquis.<\/p>\n\n\n\n<p class=\"has-text-align-center\">Laissez-nous \u00e9liminer le stress li\u00e9 \u00e0 l'investissement et \u00e0 la gestion immobili\u00e8re afin que vous puissiez vous concentrer sur ce qui compte vraiment pour vous.<\/p>\n\n\n\n<p class=\"has-text-align-center\">Pr\u00eat \u00e0 commencer? <strong><a href=\"#\">Contactez-Nous<\/a><\/strong> d\u00e8s aujourd'hui et d\u00e9couvrez comment nous pouvons vous aider \u00e0 atteindre vos objectifs immobiliers.<\/p>","protected":false},"excerpt":{"rendered":"<p>About MONARCA Welcome to MONARCA, where your real estate investments meet seamless management and care. Founded by Richard Bannis, a seasoned real estate professional, and Elizabeth Rosario, an expert in property management, our company brings over 35 years of combined experience to the table. Together, we share a passion for helping clients achieve their property<a class=\"more-link\" href=\"https:\/\/gestionmonarca.ca\/fr\/about-us\/\">Lire la suite <span class=\"screen-reader-text\">&#8220;About Us &#8211; Monarca&#8221;<\/span><\/a><\/p>","protected":false},"author":1,"featured_media":0,"parent":0,"menu_order":0,"comment_status":"closed","ping_status":"closed","template":"","meta":{"_acf_changed":false,"_siteseo_robots_primary_cat":"","footnotes":""},"class_list":["post-26","page","type-page","status-publish","hentry","entry"],"acf":[],"_links":{"self":[{"href":"https:\/\/gestionmonarca.ca\/fr\/wp-json\/wp\/v2\/pages\/26","targetHints":{"allow":["GET"]}}],"collection":[{"href":"https:\/\/gestionmonarca.ca\/fr\/wp-json\/wp\/v2\/pages"}],"about":[{"href":"https:\/\/gestionmonarca.ca\/fr\/wp-json\/wp\/v2\/types\/page"}],"author":[{"embeddable":true,"href":"https:\/\/gestionmonarca.ca\/fr\/wp-json\/wp\/v2\/users\/1"}],"replies":[{"embeddable":true,"href":"https:\/\/gestionmonarca.ca\/fr\/wp-json\/wp\/v2\/comments?post=26"}],"version-history":[{"count":8,"href":"https:\/\/gestionmonarca.ca\/fr\/wp-json\/wp\/v2\/pages\/26\/revisions"}],"predecessor-version":[{"id":728,"href":"https:\/\/gestionmonarca.ca\/fr\/wp-json\/wp\/v2\/pages\/26\/revisions\/728"}],"wp:attachment":[{"href":"https:\/\/gestionmonarca.ca\/fr\/wp-json\/wp\/v2\/media?parent=26"}],"curies":[{"name":"wp","href":"https:\/\/api.w.org\/{rel}","templated":true}]}}