{"id":249,"date":"2024-12-20T21:18:26","date_gmt":"2024-12-20T21:18:26","guid":{"rendered":"https:\/\/gestionmonarca.ca\/?page_id=249"},"modified":"2025-01-24T05:55:31","modified_gmt":"2025-01-24T05:55:31","slug":"monarca-service","status":"publish","type":"page","link":"https:\/\/gestionmonarca.ca\/fr\/monarca-service\/","title":{"rendered":"Monarca Service"},"content":{"rendered":"<div style=\"height:65px\" aria-hidden=\"true\" class=\"wp-block-spacer\"><\/div>\n\n\n<div class=\"wp-block-image\">\n<figure class=\"aligncenter size-full is-resized\"><img fetchpriority=\"high\" decoding=\"async\" width=\"512\" height=\"512\" src=\"https:\/\/gestionmonarca.ca\/wp-content\/uploads\/2024\/12\/cropped-father-logo.jpg\" alt=\"\" class=\"wp-image-194\" style=\"width:368px;height:auto\" srcset=\"https:\/\/gestionmonarca.ca\/wp-content\/uploads\/2024\/12\/cropped-father-logo.jpg 512w, https:\/\/gestionmonarca.ca\/wp-content\/uploads\/2024\/12\/cropped-father-logo-300x300.jpg 300w, https:\/\/gestionmonarca.ca\/wp-content\/uploads\/2024\/12\/cropped-father-logo-150x150.jpg 150w, https:\/\/gestionmonarca.ca\/wp-content\/uploads\/2024\/12\/cropped-father-logo-200x200.jpg 200w, https:\/\/gestionmonarca.ca\/wp-content\/uploads\/2024\/12\/cropped-father-logo-270x270.jpg 270w, https:\/\/gestionmonarca.ca\/wp-content\/uploads\/2024\/12\/cropped-father-logo-192x192.jpg 192w, https:\/\/gestionmonarca.ca\/wp-content\/uploads\/2024\/12\/cropped-father-logo-180x180.jpg 180w, https:\/\/gestionmonarca.ca\/wp-content\/uploads\/2024\/12\/cropped-father-logo-32x32.jpg 32w\" sizes=\"(max-width: 512px) 100vw, 512px\" \/><\/figure>\n<\/div>\n\n\n<div style=\"height:53px\" aria-hidden=\"true\" class=\"wp-block-spacer\"><\/div>\n\n\n\n<h3 class=\"wp-block-heading alignfull has-text-align-center has-text-color has-large-font-size\" style=\"color:#ffa500\"><strong>Notre support complet simplifie et am\u00e9liore votre exp\u00e9rience en tant que propri\u00e9taire.<\/strong><\/h3>\n\n\n\n<div class=\"wp-block-columns alignwide is-layout-flex wp-container-core-columns-is-layout-28f84493 wp-block-columns-is-layout-flex\">\n<div class=\"wp-block-column is-layout-flow wp-block-column-is-layout-flow\" id=\"container1\">\n<div id=\"alacarte\" class=\"wp-block-group has-foreground-background-color has-text-color has-background has-link-color wp-elements-797614ff69867a49b8e1c0500bce6381\" style=\"color:#ffa500;min-height:420px;line-height:1.5\"><div class=\"wp-block-group__inner-container is-layout-constrained wp-block-group-is-layout-constrained\">\n<p class=\"has-text-align-center\" style=\"padding-top:0;padding-bottom:0\"><strong>Service \u00e0 La Carte<\/strong><\/p>\n\n\n\n<p>Nous cr\u00e9ons une offre sur mesure en proposant les services qui r\u00e9pondent \u00e0 vos besoins:<\/p>\n\n\n\n<ul style=\"border-radius:0px;margin-top:0;margin-right:0;margin-bottom:0;margin-left:0\" class=\"wp-block-list\">\n<li>Gestion de condos r\u00e9sidentiels<\/li>\n\n\n\n<li>Gestion de r\u00e9sidences 2plex \u2013 6plex<\/li>\n\n\n\n<li>Gestion de biens r\u00e9sidentiels multi-unit\u00e9s<\/li>\n\n\n\n<li>Gestion de chalets et de maisons de vacances<\/li>\n<\/ul>\n\n\n\n<div class=\"wp-block-buttons is-content-justification-center is-layout-flex wp-container-core-buttons-is-layout-098cc607 wp-block-buttons-is-layout-flex\" id=\"service-button1\">\n<div class=\"wp-block-button\"><a class=\"wp-block-button__link has-luminous-vivid-amber-to-luminous-vivid-orange-gradient-background has-background has-text-align-center wp-element-button\" href=\"https:\/\/gestionmonarca.ca\/fr\/contact-us\/\" rel=\"https:\/\/gestionmonarca.ca\/contact-us\/\">demander un devis<\/a><\/div>\n<\/div>\n<\/div><\/div>\n<\/div>\n\n\n\n<div class=\"wp-block-column is-layout-flow wp-block-column-is-layout-flow\" id=\"container2\">\n<div id=\"turnkey\" class=\"wp-block-group has-foreground-background-color has-text-color has-background has-link-color wp-elements-3433de7ff76076b30a1b9177de6672f4\" style=\"color:#ffa500;min-height:420px;line-height:1.5\"><div class=\"wp-block-group__inner-container is-layout-constrained wp-block-group-is-layout-constrained\">\n<p class=\"has-text-align-center\" style=\"padding-top:0;padding-bottom:0\"><strong>Service Cl\u00e9 en Main<\/strong><\/p>\n\n\n\n<p>Oubliez les probl\u00e8mes, ayez l'esprit tranquille<\/p>\n\n\n\n<ul style=\"border-radius:0px;margin-top:0;margin-right:0;margin-bottom:0;margin-left:0\" class=\"wp-block-list\">\n<li><a href=\"#admin\" data-type=\"internal\" data-id=\"#admin\">Gestion administrative<\/a><\/li>\n\n\n\n<li><a href=\"#rental\" data-type=\"internal\" data-id=\"#rental\">Gestion locative<\/a><\/li>\n\n\n\n<li><a href=\"#operations\" data-type=\"internal\" data-id=\"#operations\">Gestion op\u00e9rationnelle<\/a><\/li>\n<\/ul>\n\n\n\n<div class=\"wp-block-buttons is-content-justification-center is-layout-flex wp-container-core-buttons-is-layout-098cc607 wp-block-buttons-is-layout-flex\" id=\"service-button2\">\n<div class=\"wp-block-button\"><a class=\"wp-block-button__link has-luminous-vivid-amber-to-luminous-vivid-orange-gradient-background has-background wp-element-button\" href=\"#admin\">D\u00e9couvrez nos services<\/a><\/div>\n<\/div>\n<\/div><\/div>\n<\/div>\n<\/div>\n\n\n\n<div class=\"wp-block-group alignfull has-foreground-background-color has-text-color has-background has-link-color wp-elements-05aada2c714ef46b323953dac83a4668\" style=\"border-style:none;border-width:0px;border-radius:0px;color:#ffa500;margin-top:0;margin-bottom:0;padding-right:0;padding-left:0\"><div class=\"wp-block-group__inner-container is-layout-constrained wp-container-core-group-is-layout-8c49bb0c wp-block-group-is-layout-constrained\">\n<p>Nous savons que l'investissement dans un immeuble de rapport peut n\u00e9cessiter beaucoup d'efforts pour \u00eatre rentable. C'est pourquoi nous prenons le temps de bien vous conna\u00eetre, de comprendre vos besoins, votre structure organisationnelle et vos d\u00e9fis.<\/p>\n\n\n\n<p>Pour vous aider \u00e0 atteindre cet objectif, nous travaillons en partenariat avec un vaste r\u00e9seau de professionnels et de fournisseurs r\u00e9put\u00e9s. La satisfaction de nos clients est la motivation qui nous anime chaque jour.<\/p>\n\n\n\n<p>Nous nous distinguons par notre grande compr\u00e9hension du march\u00e9, notre accessibilit\u00e9, notre flexibilit\u00e9 afin de garantir une approche attentive et humaine. Nous offrons une disponibilit\u00e9 et un service \u00e0 la client\u00e8le qui se distinguent par nos valeurs.<\/p>\n\n\n\n<div style=\"height:0px\" aria-hidden=\"true\" id=\"admin\" class=\"wp-block-spacer\"><\/div>\n<\/div><\/div>\n\n\n\n<div class=\"wp-block-media-text alignfull has-media-on-the-right is-stacked-on-mobile\" style=\"margin-right:0;margin-left:0;padding-top:var(--wp--preset--spacing--60);padding-right:var(--wp--preset--spacing--40);padding-bottom:var(--wp--preset--spacing--60);padding-left:var(--wp--preset--spacing--40);grid-template-columns:auto 40%\"><div class=\"wp-block-media-text__content\">\n<div class=\"wp-block-group alignfull has-text-color has-link-color wp-elements-e2e6b6cab0e3fbdde906534ee81134e7\" style=\"color:#ffa500\"><div class=\"wp-block-group__inner-container is-layout-constrained wp-block-group-is-layout-constrained\">\n<p><strong>GESTION ADMINISTRATIVE<\/strong><\/p>\n\n\n\n<ul class=\"wp-block-list\">\n<li>Service \u00e0 la client\u00e8le<\/li>\n\n\n\n<li>Registres<\/li>\n\n\n\n<li>Archivage des documents : Tenue d'un registre des \u00e9v\u00e9nements de construction et capitalisation pour l'am\u00e9lioration continue du service apr\u00e8s signature.<\/li>\n\n\n\n<li>Communication avec les autorit\u00e9s (municipalit\u00e9s\/gouvernement)<\/li>\n<\/ul>\n\n\n\n<div class=\"wp-block-buttons is-layout-flex wp-block-buttons-is-layout-flex\" style=\"padding-left:var(--wp--preset--spacing--60)\">\n<div class=\"wp-block-button popmake-422\"><a class=\"wp-block-button__link has-luminous-vivid-amber-to-luminous-vivid-orange-gradient-background has-background wp-element-button\">Contactez-Nous<\/a><\/div>\n<\/div>\n\n\n\n<div style=\"height:0px\" aria-hidden=\"true\" id=\"rental\" class=\"wp-block-spacer\"><\/div>\n<\/div><\/div>\n<\/div><figure class=\"wp-block-media-text__media\"><img decoding=\"async\" width=\"830\" height=\"553\" src=\"https:\/\/gestionmonarca.ca\/wp-content\/uploads\/2024\/12\/photo_administration.webp\" alt=\"\" class=\"wp-image-316 size-full\" srcset=\"https:\/\/gestionmonarca.ca\/wp-content\/uploads\/2024\/12\/photo_administration.webp 830w, https:\/\/gestionmonarca.ca\/wp-content\/uploads\/2024\/12\/photo_administration-750x500.webp 750w, https:\/\/gestionmonarca.ca\/wp-content\/uploads\/2024\/12\/photo_administration-300x200.webp 300w, https:\/\/gestionmonarca.ca\/wp-content\/uploads\/2024\/12\/photo_administration-768x512.webp 768w, https:\/\/gestionmonarca.ca\/wp-content\/uploads\/2024\/12\/photo_administration-200x133.webp 200w\" sizes=\"(max-width: 830px) 100vw, 830px\" \/><\/figure><\/div>\n\n\n\n<div class=\"wp-block-group alignfull has-foreground-background-color has-text-color has-background has-link-color wp-elements-51a67bb5ff0c628421e32d11b054debb\" style=\"color:#ffa500\"><div class=\"wp-block-group__inner-container is-layout-constrained wp-block-group-is-layout-constrained\">\n<p class=\"has-text-align-center has-large-font-size\"><strong>GESTION LOCATIVE<\/strong><\/p>\n\n\n\n<div class=\"wp-block-columns is-layout-flex wp-container-core-columns-is-layout-28f84493 wp-block-columns-is-layout-flex\">\n<div class=\"wp-block-column is-layout-flow wp-block-column-is-layout-flow\">\n<div class=\"wp-block-group\" style=\"min-height:300px\"><div class=\"wp-block-group__inner-container is-layout-constrained wp-block-group-is-layout-constrained\">\n<p><strong><span style=\"text-decoration: underline;\">COMMERCIALISATION<\/span><\/strong><\/p>\n\n\n\n<ul class=\"wp-block-list has-small-font-size\">\n<li>Prise de photos d'appartements<\/li>\n\n\n\n<li>R\u00e9daction et publication d'annonces de location en ligne sur plusieurs plateformes<\/li>\n\n\n\n<li>Publicit\u00e9 active sur les r\u00e9seaux sociaux<\/li>\n\n\n\n<li>Service t\u00e9l\u00e9phonique pour la s\u00e9lection des meilleurs candidats \u00e0 la location<\/li>\n<\/ul>\n<\/div><\/div>\n\n\n\n<div class=\"wp-block-group\"><div class=\"wp-block-group__inner-container is-layout-constrained wp-block-group-is-layout-constrained\">\n<p><strong><span style=\"text-decoration: underline;\">CANDIDATS ET LOCATAIRES<\/span><\/strong><\/p>\n\n\n\n<ul class=\"wp-block-list has-small-font-size\">\n<li>R\u00e9alisation des v\u00e9rifications de cr\u00e9dit et gestion du logement<\/li>\n\n\n\n<li>Prise de rendez-vous et visite des logements<\/li>\n<\/ul>\n<\/div><\/div>\n<\/div>\n\n\n\n<div class=\"wp-block-column is-layout-flow wp-block-column-is-layout-flow\">\n<div class=\"wp-block-group\" style=\"min-height:300px\"><div class=\"wp-block-group__inner-container is-layout-constrained wp-block-group-is-layout-constrained\">\n<p><strong><span style=\"text-decoration: underline;\">BAIL : SIGNATURE ET N\u00c9GOCIATION<\/span><\/strong><\/p>\n\n\n\n<ul class=\"wp-block-list has-small-font-size\">\n<li>Signature du contrat de location<\/li>\n\n\n\n<li>Renouvellement des baux et \u00e9tat 31<\/li>\n\n\n\n<li>Gestion des augmentations de loyer et des n\u00e9gociations<\/li>\n\n\n\n<li>Gestion, n\u00e9gociation et renouvellement des abonnements aux contrats avec des prestataires de services tiers<\/li>\n\n\n\n<li>R\u00e9daction du r\u00e8glement du b\u00e2timent en concertation avec le propri\u00e9taire<\/li>\n<\/ul>\n<\/div><\/div>\n\n\n\n<div class=\"wp-block-group\"><div class=\"wp-block-group__inner-container is-layout-constrained wp-block-group-is-layout-constrained\">\n<p><strong><span style=\"text-decoration: underline;\">PLAINTES ET GESTION<\/span><\/strong><\/p>\n\n\n\n<ul class=\"wp-block-list has-small-font-size\">\n<li>Nous g\u00e9rons les plaintes des locataires et\/ou des autorit\u00e9s gouvernementales<\/li>\n\n\n\n<li>Repr\u00e9sentation aupr\u00e8s de l'autorit\u00e9 du logement (tribunal administratif du logement)<\/li>\n\n\n\n<li>Assurer la conformit\u00e9 aux r\u00e8glements du b\u00e2timent<\/li>\n<\/ul>\n<\/div><\/div>\n<\/div>\n<\/div>\n\n\n\n<div class=\"wp-block-buttons is-layout-flex wp-block-buttons-is-layout-flex\" style=\"padding-left:var(--wp--preset--spacing--60)\">\n<div class=\"wp-block-button popmake-422\"><a class=\"wp-block-button__link has-luminous-vivid-amber-to-luminous-vivid-orange-gradient-background has-background wp-element-button\">Contactez-Nous<\/a><\/div>\n<\/div>\n<\/div><\/div>\n\n\n\n<div style=\"height:0px\" aria-hidden=\"true\" id=\"operations\" class=\"wp-block-spacer\"><\/div>\n\n\n\n<div class=\"wp-block-media-text alignfull is-stacked-on-mobile has-text-color has-link-color wp-elements-24d94a28fe0c399f3469a83a0f42c754\" style=\"color:#ffa500;padding-top:var(--wp--preset--spacing--60);padding-right:var(--wp--preset--spacing--40);padding-bottom:var(--wp--preset--spacing--60);padding-left:var(--wp--preset--spacing--40)\"><figure class=\"wp-block-media-text__media\"><img decoding=\"async\" width=\"1024\" height=\"683\" src=\"https:\/\/gestionmonarca.ca\/wp-content\/uploads\/2024\/12\/photo_gestion-1024x683.jpg\" alt=\"\" class=\"wp-image-337 size-full\" srcset=\"https:\/\/gestionmonarca.ca\/wp-content\/uploads\/2024\/12\/photo_gestion-1024x683.jpg 1024w, https:\/\/gestionmonarca.ca\/wp-content\/uploads\/2024\/12\/photo_gestion-750x500.jpg 750w, https:\/\/gestionmonarca.ca\/wp-content\/uploads\/2024\/12\/photo_gestion-300x200.jpg 300w, https:\/\/gestionmonarca.ca\/wp-content\/uploads\/2024\/12\/photo_gestion-768x512.jpg 768w, https:\/\/gestionmonarca.ca\/wp-content\/uploads\/2024\/12\/photo_gestion-200x133.jpg 200w, https:\/\/gestionmonarca.ca\/wp-content\/uploads\/2024\/12\/photo_gestion.jpg 1030w\" sizes=\"(max-width: 1024px) 100vw, 1024px\" \/><\/figure><div class=\"wp-block-media-text__content\">\n<div class=\"wp-block-group\"><div class=\"wp-block-group__inner-container is-layout-constrained wp-block-group-is-layout-constrained\">\n<p class=\"has-large-font-size\"><strong>Gestion des Op\u00e9rations<\/strong><\/p>\n\n\n\n<ul class=\"wp-block-list\">\n<li>Fourniture d'options d'abonnement pour les services de nettoyage et d'entretien des b\u00e2timents et des espaces verts<\/li>\n\n\n\n<li>Suivi et coordination des travaux de maintenance et de r\u00e9novation majeurs<\/li>\n\n\n\n<li>Gestion du personnel du b\u00e2timent<\/li>\n\n\n\n<li>D\u00e9placements sur site lorsque n\u00e9cessaire<\/li>\n<\/ul>\n<\/div><\/div>\n\n\n\n<div class=\"wp-block-buttons is-layout-flex wp-block-buttons-is-layout-flex\" style=\"padding-left:var(--wp--preset--spacing--60)\">\n<div class=\"wp-block-button popmake-422\"><a class=\"wp-block-button__link has-luminous-vivid-amber-to-luminous-vivid-orange-gradient-background has-background wp-element-button\">Contactez-Nous<\/a><\/div>\n<\/div>\n<\/div><\/div>\n\n\n\n<p><\/p>","protected":false},"excerpt":{"rendered":"<p>Our comprehensive support streamlines and enhances your experience as a property owner. \u00c0 la Carte Service We create a tailor-made offer by proposing the services that meet your needs: Turnkey Service Forget the problems, have peace of mind We know that investing in an income property can require a lot of effort in order for<a class=\"more-link\" href=\"https:\/\/gestionmonarca.ca\/fr\/monarca-service\/\">Lire la suite <span class=\"screen-reader-text\">&#8220;Monarca Service&#8221;<\/span><\/a><\/p>","protected":false},"author":1,"featured_media":0,"parent":0,"menu_order":0,"comment_status":"closed","ping_status":"closed","template":"","meta":{"_acf_changed":false,"_siteseo_robots_primary_cat":"","footnotes":""},"class_list":["post-249","page","type-page","status-publish","hentry","entry"],"acf":[],"_links":{"self":[{"href":"https:\/\/gestionmonarca.ca\/fr\/wp-json\/wp\/v2\/pages\/249","targetHints":{"allow":["GET"]}}],"collection":[{"href":"https:\/\/gestionmonarca.ca\/fr\/wp-json\/wp\/v2\/pages"}],"about":[{"href":"https:\/\/gestionmonarca.ca\/fr\/wp-json\/wp\/v2\/types\/page"}],"author":[{"embeddable":true,"href":"https:\/\/gestionmonarca.ca\/fr\/wp-json\/wp\/v2\/users\/1"}],"replies":[{"embeddable":true,"href":"https:\/\/gestionmonarca.ca\/fr\/wp-json\/wp\/v2\/comments?post=249"}],"version-history":[{"count":69,"href":"https:\/\/gestionmonarca.ca\/fr\/wp-json\/wp\/v2\/pages\/249\/revisions"}],"predecessor-version":[{"id":565,"href":"https:\/\/gestionmonarca.ca\/fr\/wp-json\/wp\/v2\/pages\/249\/revisions\/565"}],"wp:attachment":[{"href":"https:\/\/gestionmonarca.ca\/fr\/wp-json\/wp\/v2\/media?parent=249"}],"curies":[{"name":"wp","href":"https:\/\/api.w.org\/{rel}","templated":true}]}}