{"id":143,"date":"2023-09-08T23:58:19","date_gmt":"2023-09-08T23:58:19","guid":{"rendered":"https:\/\/gestionmonarca.ca\/?page_id=143"},"modified":"2025-01-06T23:22:38","modified_gmt":"2025-01-06T23:22:38","slug":"services","status":"publish","type":"page","link":"https:\/\/gestionmonarca.ca\/fr\/services\/","title":{"rendered":"Services"},"content":{"rendered":"<div style=\"height:61px\" aria-hidden=\"true\" class=\"wp-block-spacer\"><\/div>\n\n\n\n<h2 class=\"wp-block-heading alignwide has-text-align-center has-text-color has-link-color wp-elements-3a790f5ae38532738874b410254410d9\" style=\"color:#ffa500\">Les Services de nos Affili\u00e9s<\/h2>\n\n\n\n<div class=\"wp-block-media-text alignwide has-media-on-the-right is-stacked-on-mobile has-text-color has-background has-link-color has-normal-font-size wp-elements-c442b34199d28a1a74ba0d150f88b16c\" style=\"color:#ffa500;background-color:#4c5164;grid-template-columns:auto 37%\" id=\"c21\"><div class=\"wp-block-media-text__content\">\n<h2 class=\"wp-block-heading has-text-align-right has-text-color has-link-color has-huge-font-size wp-elements-109b08f094481de71ca24bda11c267a9\" id=\"C21\" style=\"color:#ffa500\">Service Affili\u00e9 - Century21 <\/h2>\n\n\n\n<p class=\"has-text-align-right has-text-color has-huge-font-size\" style=\"color:#ffa500\">Courtage immobilier<\/p>\n\n\n\n<div class=\"wp-block-buttons has-custom-font-size has-normal-font-size is-content-justification-right is-layout-flex wp-container-core-buttons-is-layout-d445cf74 wp-block-buttons-is-layout-flex\">\n<div class=\"wp-block-button has-custom-font-size popmake-100 has-large-font-size\"><a class=\"wp-block-button__link has-midnight-gradient-background has-background has-text-align-center wp-element-button\">Contact<\/a><\/div>\n<\/div>\n<\/div><figure class=\"wp-block-media-text__media\"><img fetchpriority=\"high\" decoding=\"async\" width=\"768\" height=\"768\" src=\"https:\/\/gestionmonarca.ca\/wp-content\/uploads\/2024\/12\/C21-non-ppt.png\" alt=\"\" class=\"wp-image-233 size-full\" srcset=\"https:\/\/gestionmonarca.ca\/wp-content\/uploads\/2024\/12\/C21-non-ppt.png 768w, https:\/\/gestionmonarca.ca\/wp-content\/uploads\/2024\/12\/C21-non-ppt-350x350.png 350w, https:\/\/gestionmonarca.ca\/wp-content\/uploads\/2024\/12\/C21-non-ppt-100x100.png 100w, https:\/\/gestionmonarca.ca\/wp-content\/uploads\/2024\/12\/C21-non-ppt-750x750.png 750w, https:\/\/gestionmonarca.ca\/wp-content\/uploads\/2024\/12\/C21-non-ppt-300x300.png 300w, https:\/\/gestionmonarca.ca\/wp-content\/uploads\/2024\/12\/C21-non-ppt-150x150.png 150w, https:\/\/gestionmonarca.ca\/wp-content\/uploads\/2024\/12\/C21-non-ppt-200x200.png 200w\" sizes=\"(max-width: 768px) 100vw, 768px\" \/><\/figure><\/div>\n\n\n\n<div class=\"wp-block-media-text alignwide is-stacked-on-mobile has-background\" style=\"background-color:#313441;grid-template-columns:35% auto\" id=\"centrus\"><figure class=\"wp-block-media-text__media\"><img decoding=\"async\" width=\"186\" height=\"185\" src=\"https:\/\/gestionmonarca.ca\/wp-content\/uploads\/2025\/01\/centum-560.png\" alt=\"\" class=\"wp-image-468 size-full\" srcset=\"https:\/\/gestionmonarca.ca\/wp-content\/uploads\/2025\/01\/centum-560.png 186w, https:\/\/gestionmonarca.ca\/wp-content\/uploads\/2025\/01\/centum-560-100x100.png 100w, https:\/\/gestionmonarca.ca\/wp-content\/uploads\/2025\/01\/centum-560-150x150.png 150w, https:\/\/gestionmonarca.ca\/wp-content\/uploads\/2025\/01\/centum-560-12x12.png 12w\" sizes=\"(max-width: 186px) 100vw, 186px\" \/><\/figure><div class=\"wp-block-media-text__content\">\n<h2 class=\"wp-block-heading has-text-color has-link-color has-huge-font-size wp-elements-871c5aecaa882089a6e967ecabe3fda8\" id=\"Monarca\" style=\"color:#ffa500\">Service Affili\u00e9 - Centum<\/h2>\n\n\n\n<p class=\"has-text-color has-huge-font-size\" style=\"color:#ffa500\">Courtage en pr\u00eats hypoth\u00e9caires et pr\u00eats<\/p>\n\n\n\n<div class=\"wp-block-buttons is-layout-flex wp-block-buttons-is-layout-flex\">\n<div class=\"wp-block-button has-custom-font-size popmake-386 has-large-font-size\"><a class=\"wp-block-button__link has-luminous-vivid-amber-to-luminous-vivid-orange-gradient-background has-background wp-element-button\">Contact <\/a><\/div>\n<\/div>\n<\/div><\/div>\n\n\n\n<div class=\"wp-block-media-text alignwide has-media-on-the-right is-stacked-on-mobile has-text-color has-background has-link-color has-normal-font-size wp-elements-732e39f117f98d113ff653d0b7982291\" style=\"color:#ffa500;background-color:#4c5164;padding-right:var(--wp--preset--spacing--20);grid-template-columns:auto 35%\" id=\"c21\"><div class=\"wp-block-media-text__content\">\n<h2 class=\"wp-block-heading has-text-align-right has-text-color has-link-color has-huge-font-size wp-elements-9f163875036f093f8c135745590e6941\" id=\"C21\" style=\"color:#ffa500\">Service Affili\u00e9 - Xtrem Deluxe<\/h2>\n\n\n\n<p class=\"has-text-align-right has-text-color has-huge-font-size\" style=\"color:#ffa500\">Construction et r\u00e9novation<\/p>\n\n\n\n<div class=\"wp-block-buttons is-content-justification-right is-layout-flex wp-container-core-buttons-is-layout-d445cf74 wp-block-buttons-is-layout-flex\">\n<div class=\"wp-block-button has-custom-font-size popmake-390 has-large-font-size popmake-390\"><a class=\"wp-block-button__link has-midnight-gradient-background has-background wp-element-button\">Contact<\/a><\/div>\n<\/div>\n<\/div><figure class=\"wp-block-media-text__media\"><img decoding=\"async\" width=\"419\" height=\"510\" src=\"https:\/\/gestionmonarca.ca\/wp-content\/uploads\/2024\/12\/xtrem.png\" alt=\"\" class=\"wp-image-273 size-full\" srcset=\"https:\/\/gestionmonarca.ca\/wp-content\/uploads\/2024\/12\/xtrem.png 419w, https:\/\/gestionmonarca.ca\/wp-content\/uploads\/2024\/12\/xtrem-246x300.png 246w, https:\/\/gestionmonarca.ca\/wp-content\/uploads\/2024\/12\/xtrem-200x243.png 200w\" sizes=\"(max-width: 419px) 100vw, 419px\" \/><\/figure><\/div>\n\n\n\n<div class=\"wp-block-media-text alignwide is-stacked-on-mobile has-background\" style=\"background-color:#313441;padding-left:var(--wp--preset--spacing--30);grid-template-columns:33% auto\" id=\"centrus\"><figure class=\"wp-block-media-text__media\"><img loading=\"lazy\" decoding=\"async\" width=\"241\" height=\"139\" src=\"https:\/\/gestionmonarca.ca\/wp-content\/uploads\/2024\/12\/HC-inspections.jpg\" alt=\"\" class=\"wp-image-276 size-full\" srcset=\"https:\/\/gestionmonarca.ca\/wp-content\/uploads\/2024\/12\/HC-inspections.jpg 241w, https:\/\/gestionmonarca.ca\/wp-content\/uploads\/2024\/12\/HC-inspections-200x115.jpg 200w\" sizes=\"(max-width: 241px) 100vw, 241px\" \/><\/figure><div class=\"wp-block-media-text__content\">\n<h2 class=\"wp-block-heading has-text-color has-link-color has-huge-font-size wp-elements-d99c37b12d919de2b8be3b74b1d1c29f\" id=\"Monarca\" style=\"color:#ffa500\">Service Affili\u00e9 - Inspections HC<\/h2>\n\n\n\n<p class=\"has-text-color has-huge-font-size\" style=\"color:#ffa500\">Inspection de b\u00e2timent<\/p>\n\n\n\n<div class=\"wp-block-buttons is-layout-flex wp-block-buttons-is-layout-flex\">\n<div class=\"wp-block-button has-custom-font-size popmake-392 has-large-font-size popmake-392\"><a class=\"wp-block-button__link has-luminous-vivid-amber-to-luminous-vivid-orange-gradient-background has-background wp-element-button\">Contact<\/a><\/div>\n<\/div>\n<\/div><\/div>\n\n\n\n<p><\/p>","protected":false},"excerpt":{"rendered":"<p>Les Services de nos Affili\u00e9s<\/p>","protected":false},"author":1,"featured_media":0,"parent":0,"menu_order":0,"comment_status":"closed","ping_status":"closed","template":"","meta":{"_acf_changed":false,"_siteseo_robots_primary_cat":"","footnotes":""},"class_list":["post-143","page","type-page","status-publish","hentry","entry"],"acf":[],"_links":{"self":[{"href":"https:\/\/gestionmonarca.ca\/fr\/wp-json\/wp\/v2\/pages\/143","targetHints":{"allow":["GET"]}}],"collection":[{"href":"https:\/\/gestionmonarca.ca\/fr\/wp-json\/wp\/v2\/pages"}],"about":[{"href":"https:\/\/gestionmonarca.ca\/fr\/wp-json\/wp\/v2\/types\/page"}],"author":[{"embeddable":true,"href":"https:\/\/gestionmonarca.ca\/fr\/wp-json\/wp\/v2\/users\/1"}],"replies":[{"embeddable":true,"href":"https:\/\/gestionmonarca.ca\/fr\/wp-json\/wp\/v2\/comments?post=143"}],"version-history":[{"count":54,"href":"https:\/\/gestionmonarca.ca\/fr\/wp-json\/wp\/v2\/pages\/143\/revisions"}],"predecessor-version":[{"id":514,"href":"https:\/\/gestionmonarca.ca\/fr\/wp-json\/wp\/v2\/pages\/143\/revisions\/514"}],"wp:attachment":[{"href":"https:\/\/gestionmonarca.ca\/fr\/wp-json\/wp\/v2\/media?parent=143"}],"curies":[{"name":"wp","href":"https:\/\/api.w.org\/{rel}","templated":true}]}}