{"id":12,"date":"2023-07-19T21:30:34","date_gmt":"2023-07-19T21:30:34","guid":{"rendered":"https:\/\/gestionmonarca.ca\/?page_id=12"},"modified":"2025-01-17T20:04:53","modified_gmt":"2025-01-17T20:04:53","slug":"12-2","status":"publish","type":"page","link":"https:\/\/gestionmonarca.ca\/fr\/","title":{"rendered":"Accueil"},"content":{"rendered":"<div class='wp-block-psb-parallax  alignfull' id='psbParallaxSection-5ef3bc7f-b'>\r\n\t\t\t<style>\r\n\t\t\t\t\r\n\t\t\t#psbParallaxSection-5ef3bc7f-b{\r\n\t\t\t\tmin-height: 700px;\r\n\t\t\t}\r\n\t\t\t#psbParallaxSection-5ef3bc7f-b .psbParallaxSection{\r\n\t\t\t\tjustify-content: center;\r\n\t\t\t\ttext-align: center;\r\n\t\t\t\tmin-height: 700px;\r\n\t\t\t\tpadding: 20px 30px;\r\n\t\t\t}\r\n\t\t\t#psbParallaxSection-5ef3bc7f-b .psbParallaxImg{\r\n\t\t\t\tbackground: url(https:\/\/gestionmonarca.ca\/wp-content\/uploads\/2023\/08\/@PeXi936722.jpg); background-color: #000000b3; background-position: center center; background-size: cover; background-repeat: no-repeat; background-attachment: initial; background-blend-mode: overlay;\r\n\t\t\t}\r\n\t\t\t\t\t<\/style>\r\n\r\n\t\t\t<div class='psbParallaxImg' data-speed='-1'><\/div>\r\n\r\n\t\t\t<div class='psbParallaxSection'>\r\n\t\t\t\t\n\n<h1 class=\"wp-block-heading has-text-color\" style=\"color:#fff;font-size:50px\">Bienvenue chez MONARCA<\/h1>\n\n\n\n<div style=\"height:25px\" aria-hidden=\"true\" class=\"wp-block-spacer\"><\/div>\n\n\n\n<p class=\"has-text-color\" style=\"color:#fff;font-size:25px\">Votre guichet unique pour tous vos besoins en gestion immobili\u00e8re!<\/p>\n\n\n\n<div style=\"height:25px\" aria-hidden=\"true\" class=\"wp-block-spacer\"><\/div>\n\n\n\n<div class=\"wp-block-buttons is-content-justification-center is-layout-flow wp-block-buttons-is-layout-flow\">\n<div class=\"wp-block-button has-custom-font-size\" style=\"font-size:30px\"><a class=\"wp-block-button__link has-luminous-vivid-amber-to-luminous-vivid-orange-gradient-background has-text-color has-background wp-element-button\" href=\"https:\/\/gestionmonarca.ca\/fr\/monarca-service\/\" style=\"color:#fff\" rel=\"https:\/\/gestionmonarca.ca\/services\/\">Commencez votre voyage<\/a><\/div>\n<\/div>\n\n\t\t\t<\/div>\r\n\t\t<\/div>\r\n\r\n\t\t\n\n\n<div class=\"wp-block-group\"><div class=\"wp-block-group__inner-container is-layout-constrained wp-block-group-is-layout-constrained\">\n<p class=\"has-drop-cap has-text-color\" style=\"color:#ffa500;padding-top:var(--wp--preset--spacing--50);padding-right:0px;padding-bottom:0;padding-left:0px;font-size:29px\">Avec une compr\u00e9hension approfondie du paysage immobilier en constante \u00e9volution, nous vous offrons une richesse d'expertise et un r\u00e9seau complet de sp\u00e9cialistes pour naviguer dans toutes les situations. Notre \u00e9quipe s'engage \u00e0 fournir des solutions personnalis\u00e9es, que vous soyez d\u00e9j\u00e0 propri\u00e9taire ou que vous envisagiez de le devenir. Nous pouvons g\u00e9rer, entretenir, acheter ou vendre selon vos besoins gr\u00e2ce \u00e0 notre r\u00e9seau. D\u00e9couvrez nos services et laissez-nous simplifier votre parcours immobilier d\u00e8s aujourd'hui.<\/p>\n\n\n\n<p class=\"has-text-align-center has-text-color has-link-color wp-elements-ea7413ac9126821391f79a93b9ff8d07\" style=\"color:#ffcd70c7\"><a href=\"https:\/\/gestionmonarca.ca\/fr\/monarca-service\/\" data-type=\"page\" data-id=\"249\">En savoir plus<\/a><\/p>\n<\/div><\/div>\n\n\n\n<div style=\"height:33px\" aria-hidden=\"true\" class=\"wp-block-spacer\"><\/div>\n\n\n\n<div class=\"wp-block-group alignfull\" style=\"padding-top:0;padding-right:0;padding-bottom:0;padding-left:0\"><div class=\"wp-block-group__inner-container is-layout-constrained wp-container-core-group-is-layout-639b5052 wp-block-group-is-layout-constrained\">\n<h2 class=\"wp-block-heading has-text-color has-link-color wp-elements-f6d525709f591dbc746619c9073e1153\" style=\"color:#ffa500\">Partenaires sur Site<\/h2>\n\n\n<div  ><style id=\"sp_lcp_dynamic_css524\">div#logo-carousel-free-524.logo-carousel-free .sp-lc-logo{border: 0px solid #dddddd;border-radius: 0px;overflow: hidden;}div#logo-carousel-free-524.logo-carousel-free .sp-lc-logo:hover{border-color: #16a08b;}#logo-carousel-free-524.sp-lc-container .sp-lc-pagination .swiper-pagination-bullet {background-color: #dddddd;margin: 0 4px;}#logo-carousel-free-524.sp-lc-container .sp-lc-pagination .swiper-pagination-bullet.swiper-pagination-bullet-active{background-color: #ffa500; }#logo-carousel-free-524.sp-lc-container .sp-logo-carousel {padding-top: 46px;}#logo-carousel-free-524.sp-lc-container .sp-lc-button-prev,#logo-carousel-free-524.sp-lc-container .sp-lc-button-next {color: #aaaaaa;background: transparent;border: 1px solid #aaaaaa;line-height: 28px;}#logo-carousel-free-524.sp-lc-container .sp-lc-button-prev:hover,#logo-carousel-free-524.sp-lc-container .sp-lc-button-next:hover{background-color: #16a08b;color: #ffffff;border-color: #16a08b;}@media only screen and (max-width: 576px) {} .logo-carousel-free-area#logo-carousel-free-524{position: relative;}#lcp-preloader-524{position: absolute;left: 0;top: 0;height: 100%;width: 100%;text-align: center;display: flex;align-items: center;justify-content: center;background: #fff;z-index: 9999;} .logo-carousel-free-area#logo-carousel-free-524 .sp-logo-carousel-section-title{margin-bottom: 30px;}#logo-carousel-free-524 .sp-lc-grid-container { justify-content: left; align-items: center; } #logo-carousel-free-524 .swiper-wrapper .swiper-slide { align-self: center; }#logo-carousel-free-524 .sp-lc-grid-container {margin-left: -4px;margin-right: -4px;width: calc( 100% + 8px);}#logo-carousel-free-524 .sp-lc-grid-container [class*=\"lc-col\"] {padding-left: 4px;padding-right: 4px;padding-bottom: 8px;}@media screen and (min-width: 1200px ){.logo-carousel-free-area#logo-carousel-free-524 .sp-logo-carousel:not([class*=\"-initialized\"]) > .swiper-wrapper {display: flex;width: calc( 100% + 8px );}.logo-carousel-free-area#logo-carousel-free-524 .sp-logo-carousel:not([class*=\"-initialized\"]) > .swiper-wrapper > .swiper-slide {width: 20%;padding-right: 8px;}}<\/style>\n<div id='logo-carousel-free-524' class=\"logo-carousel-free logo-carousel-free-area sp-lc-container\">\n\t\t\t<div id=\"lcp-preloader-524\" class=\"sp-logo-carousel-preloader\"><img decoding=\"async\" src=\"https:\/\/gestionmonarca.ca\/wp-content\/plugins\/logo-carousel-free\/admin\/assets\/images\/spinner.svg\" alt=\"Loader Image\"\/><\/div>\n\t\t\t<div id=\"sp-logo-carousel-id-524\" class=\"swiper-container sp-logo-carousel  lcp-preloader\" dir=\"ltr\" data-carousel='{ \"speed\":600,\"spaceBetween\": 8, \"autoplay\": true, \"infinite\":true, \"autoplay_speed\": 3000, \"stop_onHover\": false, \"pagination\": true, \"navigation\": true, \"MobileNav\": true, \"MobilePagi\": true, \"simulateTouch\": true,\"freeMode\": false,\"swipeToSlide\": false, \"carousel_accessibility\": true,\"adaptiveHeight\": false,\"allowTouchMove\": true, \"slidesPerView\": { \"lg_desktop\": 5, \"desktop\": 4, \"tablet\": 3, \"mobile\": 1, \"mobile_landscape\": 2 } }' data-carousel-starts-onscreen=\"false\">\n\t\t<div class=\"swiper-wrapper\">\n\t\t\t\t<div class=\"swiper-slide\"><div class=\"sp-lc-logo\"><img fetchpriority=\"high\" decoding=\"async\" src=\"https:\/\/gestionmonarca.ca\/wp-content\/uploads\/2024\/12\/cropped-father-logo.jpg\" title=\"\" alt=\"Monarca\" width=\"512\" height=\"512\" class=\"sp-lc-image skip-lazy\"><\/div><\/div>\n\t\t<div class=\"swiper-slide\"><div class=\"sp-lc-logo\"><img decoding=\"async\" src=\"https:\/\/gestionmonarca.ca\/wp-content\/uploads\/2024\/12\/C21-non-ppt.png\" title=\"\" alt=\"C21\" width=\"768\" height=\"768\" class=\"sp-lc-image skip-lazy\"><\/div><\/div>\n\t\t<div class=\"swiper-slide\"><div class=\"sp-lc-logo\"><img decoding=\"async\" src=\"https:\/\/gestionmonarca.ca\/wp-content\/uploads\/2025\/01\/centum-560.png\" title=\"\" alt=\"Centum\" width=\"186\" height=\"185\" class=\"sp-lc-image skip-lazy\"><\/div><\/div>\n\t\t<div class=\"swiper-slide\"><div class=\"sp-lc-logo\"><img loading=\"lazy\" decoding=\"async\" src=\"https:\/\/gestionmonarca.ca\/wp-content\/uploads\/2024\/12\/xtrem.png\" title=\"\" alt=\"Xtrem\" width=\"419\" height=\"510\" class=\"sp-lc-image skip-lazy\"><\/div><\/div>\n\t\t<div class=\"swiper-slide\"><div class=\"sp-lc-logo\"><img loading=\"lazy\" decoding=\"async\" src=\"https:\/\/gestionmonarca.ca\/wp-content\/uploads\/2024\/12\/HC-inspections.jpg\" title=\"\" alt=\"HC Inspection\" width=\"241\" height=\"139\" class=\"sp-lc-image skip-lazy\"><\/div><\/div>\n\t\t\t<\/div>\n\n\t\t\t\t\t<div class=\"sp-lc-pagination swiper-pagination dots\"><\/div>\n\t\t\t\t\t\t<div class=\"sp-lc-button-next\"><i class=\"fa fa-angle-right\"><\/i><\/div>\n\t\t\t<div class=\"sp-lc-button-prev\"><i class=\"fa fa-angle-left\"><\/i><\/div>\n\t\t\t\t<\/div>\n<\/div>\n<\/div><\/div><\/div>","protected":false},"excerpt":{"rendered":"<p>With a deep understanding of the ever-evolving real estate landscape, we bring to you a wealth of expertise and a comprehensive suite of network of specialists to navigate any situation. Our team is committed to providing tailored solutions, whether you&#8217;re an existing property owner or looking forward to become one. We can manage, maintain, buy<a class=\"more-link\" href=\"https:\/\/gestionmonarca.ca\/fr\/\">Lire la suite <span class=\"screen-reader-text\">&#8220;Home&#8221;<\/span><\/a><\/p>","protected":false},"author":1,"featured_media":0,"parent":0,"menu_order":0,"comment_status":"closed","ping_status":"closed","template":"","meta":{"_acf_changed":false,"_siteseo_robots_primary_cat":"","footnotes":""},"class_list":["post-12","page","type-page","status-publish","hentry","entry"],"acf":[],"_links":{"self":[{"href":"https:\/\/gestionmonarca.ca\/fr\/wp-json\/wp\/v2\/pages\/12","targetHints":{"allow":["GET"]}}],"collection":[{"href":"https:\/\/gestionmonarca.ca\/fr\/wp-json\/wp\/v2\/pages"}],"about":[{"href":"https:\/\/gestionmonarca.ca\/fr\/wp-json\/wp\/v2\/types\/page"}],"author":[{"embeddable":true,"href":"https:\/\/gestionmonarca.ca\/fr\/wp-json\/wp\/v2\/users\/1"}],"replies":[{"embeddable":true,"href":"https:\/\/gestionmonarca.ca\/fr\/wp-json\/wp\/v2\/comments?post=12"}],"version-history":[{"count":44,"href":"https:\/\/gestionmonarca.ca\/fr\/wp-json\/wp\/v2\/pages\/12\/revisions"}],"predecessor-version":[{"id":538,"href":"https:\/\/gestionmonarca.ca\/fr\/wp-json\/wp\/v2\/pages\/12\/revisions\/538"}],"wp:attachment":[{"href":"https:\/\/gestionmonarca.ca\/fr\/wp-json\/wp\/v2\/media?parent=12"}],"curies":[{"name":"wp","href":"https:\/\/api.w.org\/{rel}","templated":true}]}}